{"id":699,"date":"2019-04-01T08:12:00","date_gmt":"2019-04-01T08:12:00","guid":{"rendered":"http:\/\/avatudring.ee\/?page_id=699"},"modified":"2024-11-16T09:52:54","modified_gmt":"2024-11-16T09:52:54","slug":"mina-3-0","status":"publish","type":"page","link":"http:\/\/avatudring.ee\/?page_id=699","title":{"rendered":"Coaching e. koosimine"},"content":{"rendered":"\n<ul class=\"wp-block-list\">\n<li>aitab inimesel <strong>endal leida lahendused <\/strong>ja <strong>rakendada ressursid <\/strong>parima v\u00f5imaliku tuleviku heaks.<\/li>\n\n\n\n<li>l\u00e4htub p\u00f5him\u00f5ttest, et <strong>k\u00f5ik inimesed on OK <\/strong>ja teevad <strong>parimaid valikuid <\/strong>oma v\u00f5imete piires.<\/li>\n\n\n\n<li><strong>k\u00fcsib rohkem <\/strong>kui annab n\u00f5u v\u00f5i seletab.<\/li>\n<\/ul>\n\n\n\n<h2 class=\"wp-block-heading\">\u2b07\u2b06\u2b0c\u2b0d<strong>\u2195<\/strong>\u2192<\/h2>\n\n\n\n<h2 class=\"wp-block-heading\">\u2194\u2192\u2190<\/h2>\n\n\n\n<h1 class=\"wp-block-heading\"><strong>1\u2192<\/strong> 1\u2192 1\u2192<\/h1>\n\n\n\n<div class=\"wp-block-buttons is-layout-flex wp-block-buttons-is-layout-flex\">\n<div class=\"wp-block-button\"><a class=\"wp-block-button__link wp-element-button\">1<strong>\u2192<\/strong><\/a><\/div>\n\n\n\n\n\n<div class=\"wp-block-button is-style-outline is-style-outline--1\"><a class=\"wp-block-button__link wp-element-button\"><img loading=\"lazy\" decoding=\"async\" width=\"75\" height=\"31\" class=\"wp-image-1489\" style=\"width: 75px;\" src=\"http:\/\/avatudring.ee\/wp-content\/uploads\/2024\/11\/Nool-M-V-e1731680049674.png\" alt=\"\"><\/a><\/div>\n<\/div>\n\n\n\n<div class=\"wp-block-columns is-layout-flex wp-container-core-columns-is-layout-1 wp-block-columns-is-layout-flex\">\n<div class=\"wp-block-column is-layout-flow wp-block-column-is-layout-flow\" style=\"flex-basis:25%\"><\/div>\n<\/div>\n","protected":false},"excerpt":{"rendered":"<p>\u2b07\u2b06\u2b0c\u2b0d\u2195\u2192 \u2194\u2192\u2190 1\u2192 1\u2192 1\u2192<\/p>\n","protected":false},"author":1,"featured_media":0,"parent":0,"menu_order":0,"comment_status":"closed","ping_status":"closed","template":"","meta":{"footnotes":""},"class_list":["post-699","page","type-page","status-publish","hentry"],"_links":{"self":[{"href":"http:\/\/avatudring.ee\/index.php?rest_route=\/wp\/v2\/pages\/699","targetHints":{"allow":["GET"]}}],"collection":[{"href":"http:\/\/avatudring.ee\/index.php?rest_route=\/wp\/v2\/pages"}],"about":[{"href":"http:\/\/avatudring.ee\/index.php?rest_route=\/wp\/v2\/types\/page"}],"author":[{"embeddable":true,"href":"http:\/\/avatudring.ee\/index.php?rest_route=\/wp\/v2\/users\/1"}],"replies":[{"embeddable":true,"href":"http:\/\/avatudring.ee\/index.php?rest_route=%2Fwp%2Fv2%2Fcomments&post=699"}],"version-history":[{"count":42,"href":"http:\/\/avatudring.ee\/index.php?rest_route=\/wp\/v2\/pages\/699\/revisions"}],"predecessor-version":[{"id":1584,"href":"http:\/\/avatudring.ee\/index.php?rest_route=\/wp\/v2\/pages\/699\/revisions\/1584"}],"wp:attachment":[{"href":"http:\/\/avatudring.ee\/index.php?rest_route=%2Fwp%2Fv2%2Fmedia&parent=699"}],"curies":[{"name":"wp","href":"https:\/\/api.w.org\/{rel}","templated":true}]}}